{"id":188,"date":"2025-03-01T10:57:37","date_gmt":"2025-03-01T10:57:37","guid":{"rendered":"https:\/\/mattress.paynereleaf.com\/?post_type=product&#038;p=188"},"modified":"2025-04-07T01:58:08","modified_gmt":"2025-04-07T01:58:08","slug":"novilla-king-hybrid-mattress","status":"publish","type":"product","link":"https:\/\/mattress.paynereleaf.com\/es\/product\/novilla-king-hybrid-mattress\/","title":{"rendered":"Colch\u00f3n h\u00edbrido Novilla King de 12 pulgadas: gel refrescante y alivio de presi\u00f3n"},"content":{"rendered":"<p><a href=\"https:\/\/www.amazon.com\/Novilla-Mattress-Hybrid-Density-Isolation\/dp\/B0CSG1WYHM?tag=drknoxbargains-20#customerReviews\" target=\"_blank\" rel=\"noopener noreferrer\"><img decoding=\"async\" class=\"aligncenter\" style=\"max-width: 70%; height: 70px; margin-bottom: 10px;\" src=\"https:\/\/mattress.paynereleaf.com\/wp-content\/uploads\/2025\/03\/check-amazon-reviews.png\" alt=\"Check Reviews on Amazon\" width=\"241\" \/><\/a><\/p>\n<ul class=\"a-unordered-list a-vertical a-spacing-mini\">\n<li class=\"a-spacing-mini\"><span class=\"a-list-item\">DISE\u00d1O DE MUELLES ENSACADOS PARA UN SUE\u00d1O INOLVIDABLE: El colch\u00f3n Novilla tama\u00f1o king de 30 cm cuenta con un sistema de muelles ensacados individuales con un dise\u00f1o silencioso que reduce eficazmente las vueltas en la cama, permiti\u00e9ndole disfrutar de un sue\u00f1o tranquilo y confortable. Equilibra su peso corporal, mantiene la salud de la columna vertebral y alivia dolores. Este colch\u00f3n tama\u00f1o king le brinda un sue\u00f1o m\u00e1s tranquilo y profundo.<\/span><\/li>\n<li class=\"a-spacing-mini\"><span class=\"a-list-item\">CERTIPUR-US CERTIFIED FOAM ENSURES HEALTHY SLEEP &#8211; The Novilla king size mattress 12-inch equipped with a 3-layer CertiPUR-US certified foam, they are gel memory foam, high-density supportive foam, and gray base foam, which are natural and eco-friendly foam, it constants temperature, avoiding moisture, reduces motion transfer from others sleeping next to you, is conducive to maintaining health.<\/span><\/li>\n<li class=\"a-spacing-mini\"><span class=\"a-list-item\">SE ADAPTA A LA CURVA DEL CUERPO HUMANO Y FUNDA ACOLCHADA DE PUNTO: Este colch\u00f3n Novilla de 30 cm en tama\u00f1o king est\u00e1 dise\u00f1ado seg\u00fan la curva del cuerpo humano, brindando un soporte que se adapta mejor a las curvas del cuerpo, aliviando eficazmente la presi\u00f3n corporal y mejorando la calidad del sue\u00f1o. La funda del colch\u00f3n king con pillow top est\u00e1 acolchada y tejida, y cuenta con certificaci\u00f3n OEKO-TEX, lo que mantiene la superficie del colch\u00f3n transpirable e higi\u00e9nica.<\/span><\/li>\n<li class=\"a-spacing-mini\"><span class=\"a-list-item\">SUITABLE FOR MOST BASES AND FRAMES &#8211; The 12&#8243; king-size pillow top hybrid mattress measures 80&#8243; L x 76&#8243; W x 12&#8243; H, which is compatible with most bed frames, you can even place the mattress on the floor directly without a frame. Unbox the mattress and let it inflate for about 72 hours for full expansion.<\/span><\/li>\n<li class=\"a-spacing-mini\"><span class=\"a-list-item\">HYBRID MATTRESS WITH MEDIUM FIRMNESS &#8211; Novilla spring mattress queen is medium firm touching with a 100-night sleep trial. Should you encounter any issues, please contact our customer support team at any time.<\/span><\/li>\n<\/ul>\n<p><a href=\"https:\/\/www.amazon.com\/Novilla-Mattress-Hybrid-Density-Isolation\/dp\/B0CSG1WYHM?tag=drknoxbargains-20#customerReviews\" target=\"_blank\" rel=\"noopener noreferrer\"><img decoding=\"async\" class=\"aligncenter\" style=\"max-width: 70%; height: 70px; margin-bottom: 10px;\" src=\"https:\/\/mattress.paynereleaf.com\/wp-content\/uploads\/2025\/03\/check-amazon-reviews.png\" alt=\"Check Reviews on Amazon\" width=\"241\" \/><\/a><\/p>","protected":false},"excerpt":{"rendered":"<p><strong>Dr. Knox Recommends This Mattress.<\/strong><br \/>\nA USA Board Certified Travel Chiropractor Servicing Bahamas, Jamaica, Dominican Republic, Guyana, Anguilla, St. Kitts &amp; Nevis.<\/p>\n[hurrytimer id=\"224\"]\n<div style=\"text-align: left; margin: 10px 0;\">\n<p><a href=\"https:\/\/www.amazon.com\/Novilla-Mattress-Hybrid-Density-Isolation\/dp\/B0CSG1WYHM?tag=drknoxbargains-20#customerReviews\" target=\"_blank\" rel=\"noopener noreferrer\"><img decoding=\"async\" class=\"\" style=\"max-width: 70%; height: 70px; margin-bottom: 10px;\" src=\"https:\/\/mattress.paynereleaf.com\/wp-content\/uploads\/2025\/03\/check-amazon-reviews.png\" alt=\"Check Reviews on Amazon\" width=\"241\" \/><\/a><!-- WhatsApp Share Button --><a href=\"https:\/\/wa.me\/?text=Yo!%20Check%20out%20this%20deal%20on%20a%20bed-in-a-box%20https%3A%2F%2Fwww.amazon.com%2Fdp%2FB0CSG1WYHM%3Ftag%3Ddrknoxbargains-wa-20%26utm_source%3Dwhatsapp%26utm_medium%3Dsocial%26utm_campaign%3Dmattress_share\" target=\"_blank\" rel=\"nofollow noopener\"><br \/>\n  <img decoding=\"async\" style=\"max-width: 70%; height: 50px;\" src=\"https:\/\/mattress.paynereleaf.com\/wp-content\/uploads\/2025\/03\/whatsapp-share-deal-button.png\" alt=\"Share This Deal A.S.A.P\" width=\"242\" \/><br \/>\n<\/a><\/p>\n<\/div>\n","protected":false},"featured_media":411,"template":"","meta":{"_eb_attr":""},"product_brand":[34],"product_cat":[15],"product_tag":[58,54,35,57],"class_list":{"0":"post-188","1":"product","2":"type-product","3":"status-publish","4":"has-post-thumbnail","6":"product_brand-novilla","7":"product_cat-mattresses","8":"product_tag-bed-in-box","9":"product_tag-mattress-in-a-box","10":"product_tag-novilla","11":"product_tag-novilla-king-hybrid-mattress","13":"first","14":"instock","15":"shipping-taxable","16":"product-type-external"},"yoast_head":"<!-- This site is optimized with the Yoast SEO plugin v27.5 - https:\/\/yoast.com\/product\/yoast-seo-wordpress\/ -->\n<title>Novilla 12&quot; King Hybrid Mattress \u2013 Cool Gel, Pressure Relief - Affordable Mattresses in a Box for Back Pain Relief<\/title>\n<meta name=\"description\" content=\"Sleep cooler with the Novilla King Hybrid Mattress. Gel memory foam and medium firm support for comfort, relief, and motion isolation.\" \/>\n<meta name=\"robots\" content=\"index, follow, max-snippet:-1, max-image-preview:large, max-video-preview:-1\" \/>\n<link rel=\"canonical\" href=\"https:\/\/mattress.paynereleaf.com\/es\/product\/novilla-king-hybrid-mattress\/\" \/>\n<meta property=\"og:locale\" content=\"es_ES\" \/>\n<meta property=\"og:type\" content=\"article\" \/>\n<meta property=\"og:title\" content=\"Novilla 12&quot; King Hybrid Mattress \u2013 Cool Gel, Pressure Relief - Affordable Mattresses in a Box for Back Pain Relief\" \/>\n<meta property=\"og:description\" content=\"Sleep cooler with the Novilla King Hybrid Mattress. Gel memory foam and medium firm support for comfort, relief, and motion isolation.\" \/>\n<meta property=\"og:url\" content=\"https:\/\/mattress.paynereleaf.com\/es\/product\/novilla-king-hybrid-mattress\/\" \/>\n<meta property=\"og:site_name\" content=\"Affordable Mattresses in a Box for Back Pain Relief\" \/>\n<meta property=\"article:modified_time\" content=\"2025-04-07T01:58:08+00:00\" \/>\n<meta property=\"og:image\" content=\"https:\/\/mattress.paynereleaf.com\/wp-content\/uploads\/2025\/03\/novilla-king-hybrid-mattress.png\" \/>\n\t<meta property=\"og:image:width\" content=\"750\" \/>\n\t<meta property=\"og:image:height\" content=\"750\" \/>\n\t<meta property=\"og:image:type\" content=\"image\/png\" \/>\n<meta name=\"twitter:card\" content=\"summary_large_image\" \/>\n<meta name=\"twitter:label1\" content=\"Est. reading time\" \/>\n\t<meta name=\"twitter:data1\" content=\"2 minutos\" \/>\n<script type=\"application\/ld+json\" class=\"yoast-schema-graph\">{\"@context\":\"https:\\\/\\\/schema.org\",\"@graph\":[{\"@type\":\"WebPage\",\"@id\":\"https:\\\/\\\/mattress.paynereleaf.com\\\/product\\\/novilla-king-hybrid-mattress\\\/\",\"url\":\"https:\\\/\\\/mattress.paynereleaf.com\\\/product\\\/novilla-king-hybrid-mattress\\\/\",\"name\":\"Novilla 12\\\" King Hybrid Mattress \u2013 Cool Gel, Pressure Relief - Affordable Mattresses in a Box for Back Pain Relief\",\"isPartOf\":{\"@id\":\"https:\\\/\\\/mattress.paynereleaf.com\\\/#website\"},\"primaryImageOfPage\":{\"@id\":\"https:\\\/\\\/mattress.paynereleaf.com\\\/product\\\/novilla-king-hybrid-mattress\\\/#primaryimage\"},\"image\":{\"@id\":\"https:\\\/\\\/mattress.paynereleaf.com\\\/product\\\/novilla-king-hybrid-mattress\\\/#primaryimage\"},\"thumbnailUrl\":\"https:\\\/\\\/mattress.paynereleaf.com\\\/wp-content\\\/uploads\\\/2025\\\/03\\\/novilla-king-hybrid-mattress.png\",\"datePublished\":\"2025-03-01T10:57:37+00:00\",\"dateModified\":\"2025-04-07T01:58:08+00:00\",\"description\":\"Sleep cooler with the Novilla King Hybrid Mattress. Gel memory foam and medium firm support for comfort, relief, and motion isolation.\",\"breadcrumb\":{\"@id\":\"https:\\\/\\\/mattress.paynereleaf.com\\\/product\\\/novilla-king-hybrid-mattress\\\/#breadcrumb\"},\"inLanguage\":\"es-DO\",\"potentialAction\":[{\"@type\":\"ReadAction\",\"target\":[\"https:\\\/\\\/mattress.paynereleaf.com\\\/product\\\/novilla-king-hybrid-mattress\\\/\"]}]},{\"@type\":\"ImageObject\",\"inLanguage\":\"es-DO\",\"@id\":\"https:\\\/\\\/mattress.paynereleaf.com\\\/product\\\/novilla-king-hybrid-mattress\\\/#primaryimage\",\"url\":\"https:\\\/\\\/mattress.paynereleaf.com\\\/wp-content\\\/uploads\\\/2025\\\/03\\\/novilla-king-hybrid-mattress.png\",\"contentUrl\":\"https:\\\/\\\/mattress.paynereleaf.com\\\/wp-content\\\/uploads\\\/2025\\\/03\\\/novilla-king-hybrid-mattress.png\",\"width\":750,\"height\":750,\"caption\":\"novilla-king-hybrid-mattress\"},{\"@type\":\"BreadcrumbList\",\"@id\":\"https:\\\/\\\/mattress.paynereleaf.com\\\/product\\\/novilla-king-hybrid-mattress\\\/#breadcrumb\",\"itemListElement\":[{\"@type\":\"ListItem\",\"position\":1,\"name\":\"Home\",\"item\":\"https:\\\/\\\/mattress.paynereleaf.com\\\/\"},{\"@type\":\"ListItem\",\"position\":2,\"name\":\"Shop\",\"item\":\"https:\\\/\\\/mattress.paynereleaf.com\\\/\"},{\"@type\":\"ListItem\",\"position\":3,\"name\":\"Novilla 12&#8243; King Hybrid Mattress \u2013 Cool Gel, Pressure Relief\"}]},{\"@type\":\"WebSite\",\"@id\":\"https:\\\/\\\/mattress.paynereleaf.com\\\/#website\",\"url\":\"https:\\\/\\\/mattress.paynereleaf.com\\\/\",\"name\":\"Affordable Mattresses in a Box\",\"description\":\"\",\"publisher\":{\"@id\":\"https:\\\/\\\/mattress.paynereleaf.com\\\/#organization\"},\"potentialAction\":[{\"@type\":\"SearchAction\",\"target\":{\"@type\":\"EntryPoint\",\"urlTemplate\":\"https:\\\/\\\/mattress.paynereleaf.com\\\/?s={search_term_string}\"},\"query-input\":{\"@type\":\"PropertyValueSpecification\",\"valueRequired\":true,\"valueName\":\"search_term_string\"}}],\"inLanguage\":\"es-DO\"},{\"@type\":\"Organization\",\"@id\":\"https:\\\/\\\/mattress.paynereleaf.com\\\/#organization\",\"name\":\"Mattresses & Bedding for Back Pain Relief\",\"url\":\"https:\\\/\\\/mattress.paynereleaf.com\\\/\",\"logo\":{\"@type\":\"ImageObject\",\"inLanguage\":\"es-DO\",\"@id\":\"https:\\\/\\\/mattress.paynereleaf.com\\\/#\\\/schema\\\/logo\\\/image\\\/\",\"url\":\"https:\\\/\\\/mattress.paynereleaf.com\\\/wp-content\\\/uploads\\\/2025\\\/03\\\/bed-in-a-box-store-logo-1.png\",\"contentUrl\":\"https:\\\/\\\/mattress.paynereleaf.com\\\/wp-content\\\/uploads\\\/2025\\\/03\\\/bed-in-a-box-store-logo-1.png\",\"width\":1428,\"height\":860,\"caption\":\"Mattresses & Bedding for Back Pain Relief\"},\"image\":{\"@id\":\"https:\\\/\\\/mattress.paynereleaf.com\\\/#\\\/schema\\\/logo\\\/image\\\/\"}}]}<\/script>\n<!-- \/ Yoast SEO plugin. -->","yoast_head_json":{"title":"Novilla 12\" King Hybrid Mattress \u2013 Cool Gel, Pressure Relief - Affordable Mattresses in a Box for Back Pain Relief","description":"Sleep cooler with the Novilla King Hybrid Mattress. Gel memory foam and medium firm support for comfort, relief, and motion isolation.","robots":{"index":"index","follow":"follow","max-snippet":"max-snippet:-1","max-image-preview":"max-image-preview:large","max-video-preview":"max-video-preview:-1"},"canonical":"https:\/\/mattress.paynereleaf.com\/es\/product\/novilla-king-hybrid-mattress\/","og_locale":"es_ES","og_type":"article","og_title":"Novilla 12\" King Hybrid Mattress \u2013 Cool Gel, Pressure Relief - Affordable Mattresses in a Box for Back Pain Relief","og_description":"Sleep cooler with the Novilla King Hybrid Mattress. Gel memory foam and medium firm support for comfort, relief, and motion isolation.","og_url":"https:\/\/mattress.paynereleaf.com\/es\/product\/novilla-king-hybrid-mattress\/","og_site_name":"Affordable Mattresses in a Box for Back Pain Relief","article_modified_time":"2025-04-07T01:58:08+00:00","og_image":[{"width":750,"height":750,"url":"https:\/\/mattress.paynereleaf.com\/wp-content\/uploads\/2025\/03\/novilla-king-hybrid-mattress.png","type":"image\/png"}],"twitter_card":"summary_large_image","twitter_misc":{"Est. reading time":"2 minutos"},"schema":{"@context":"https:\/\/schema.org","@graph":[{"@type":"WebPage","@id":"https:\/\/mattress.paynereleaf.com\/product\/novilla-king-hybrid-mattress\/","url":"https:\/\/mattress.paynereleaf.com\/product\/novilla-king-hybrid-mattress\/","name":"Novilla 12\" King Hybrid Mattress \u2013 Cool Gel, Pressure Relief - Affordable Mattresses in a Box for Back Pain Relief","isPartOf":{"@id":"https:\/\/mattress.paynereleaf.com\/#website"},"primaryImageOfPage":{"@id":"https:\/\/mattress.paynereleaf.com\/product\/novilla-king-hybrid-mattress\/#primaryimage"},"image":{"@id":"https:\/\/mattress.paynereleaf.com\/product\/novilla-king-hybrid-mattress\/#primaryimage"},"thumbnailUrl":"https:\/\/mattress.paynereleaf.com\/wp-content\/uploads\/2025\/03\/novilla-king-hybrid-mattress.png","datePublished":"2025-03-01T10:57:37+00:00","dateModified":"2025-04-07T01:58:08+00:00","description":"Sleep cooler with the Novilla King Hybrid Mattress. Gel memory foam and medium firm support for comfort, relief, and motion isolation.","breadcrumb":{"@id":"https:\/\/mattress.paynereleaf.com\/product\/novilla-king-hybrid-mattress\/#breadcrumb"},"inLanguage":"es-DO","potentialAction":[{"@type":"ReadAction","target":["https:\/\/mattress.paynereleaf.com\/product\/novilla-king-hybrid-mattress\/"]}]},{"@type":"ImageObject","inLanguage":"es-DO","@id":"https:\/\/mattress.paynereleaf.com\/product\/novilla-king-hybrid-mattress\/#primaryimage","url":"https:\/\/mattress.paynereleaf.com\/wp-content\/uploads\/2025\/03\/novilla-king-hybrid-mattress.png","contentUrl":"https:\/\/mattress.paynereleaf.com\/wp-content\/uploads\/2025\/03\/novilla-king-hybrid-mattress.png","width":750,"height":750,"caption":"novilla-king-hybrid-mattress"},{"@type":"BreadcrumbList","@id":"https:\/\/mattress.paynereleaf.com\/product\/novilla-king-hybrid-mattress\/#breadcrumb","itemListElement":[{"@type":"ListItem","position":1,"name":"Home","item":"https:\/\/mattress.paynereleaf.com\/"},{"@type":"ListItem","position":2,"name":"Shop","item":"https:\/\/mattress.paynereleaf.com\/"},{"@type":"ListItem","position":3,"name":"Novilla 12&#8243; King Hybrid Mattress \u2013 Cool Gel, Pressure Relief"}]},{"@type":"WebSite","@id":"https:\/\/mattress.paynereleaf.com\/#website","url":"https:\/\/mattress.paynereleaf.com\/","name":"Affordable Mattresses in a Box","description":"","publisher":{"@id":"https:\/\/mattress.paynereleaf.com\/#organization"},"potentialAction":[{"@type":"SearchAction","target":{"@type":"EntryPoint","urlTemplate":"https:\/\/mattress.paynereleaf.com\/?s={search_term_string}"},"query-input":{"@type":"PropertyValueSpecification","valueRequired":true,"valueName":"search_term_string"}}],"inLanguage":"es-DO"},{"@type":"Organization","@id":"https:\/\/mattress.paynereleaf.com\/#organization","name":"Mattresses & Bedding for Back Pain Relief","url":"https:\/\/mattress.paynereleaf.com\/","logo":{"@type":"ImageObject","inLanguage":"es-DO","@id":"https:\/\/mattress.paynereleaf.com\/#\/schema\/logo\/image\/","url":"https:\/\/mattress.paynereleaf.com\/wp-content\/uploads\/2025\/03\/bed-in-a-box-store-logo-1.png","contentUrl":"https:\/\/mattress.paynereleaf.com\/wp-content\/uploads\/2025\/03\/bed-in-a-box-store-logo-1.png","width":1428,"height":860,"caption":"Mattresses & Bedding for Back Pain Relief"},"image":{"@id":"https:\/\/mattress.paynereleaf.com\/#\/schema\/logo\/image\/"}}]}},"_links":{"self":[{"href":"https:\/\/mattress.paynereleaf.com\/es\/wp-json\/wp\/v2\/product\/188","targetHints":{"allow":["GET"]}}],"collection":[{"href":"https:\/\/mattress.paynereleaf.com\/es\/wp-json\/wp\/v2\/product"}],"about":[{"href":"https:\/\/mattress.paynereleaf.com\/es\/wp-json\/wp\/v2\/types\/product"}],"wp:featuredmedia":[{"embeddable":true,"href":"https:\/\/mattress.paynereleaf.com\/es\/wp-json\/wp\/v2\/media\/411"}],"wp:attachment":[{"href":"https:\/\/mattress.paynereleaf.com\/es\/wp-json\/wp\/v2\/media?parent=188"}],"wp:term":[{"taxonomy":"product_brand","embeddable":true,"href":"https:\/\/mattress.paynereleaf.com\/es\/wp-json\/wp\/v2\/product_brand?post=188"},{"taxonomy":"product_cat","embeddable":true,"href":"https:\/\/mattress.paynereleaf.com\/es\/wp-json\/wp\/v2\/product_cat?post=188"},{"taxonomy":"product_tag","embeddable":true,"href":"https:\/\/mattress.paynereleaf.com\/es\/wp-json\/wp\/v2\/product_tag?post=188"}],"curies":[{"name":"wp","href":"https:\/\/api.w.org\/{rel}","templated":true}]}}