{"id":215,"date":"2025-03-03T23:36:25","date_gmt":"2025-03-03T23:36:25","guid":{"rendered":"https:\/\/mattress.paynereleaf.com\/?post_type=product&#038;p=215"},"modified":"2025-04-06T19:16:43","modified_gmt":"2025-04-06T19:16:43","slug":"koantti-full-hybrid-mattress","status":"publish","type":"product","link":"https:\/\/mattress.paynereleaf.com\/es\/product\/koantti-full-hybrid-mattress\/","title":{"rendered":"Colch\u00f3n h\u00edbrido completo Koantti de 12 pulgadas: refrescante y alivia la presi\u00f3n"},"content":{"rendered":"<p><a href=\"https:\/\/www.amazon.com\/KOANTTI-Mattresses-Mattress-Provide-Pressure\/dp\/B0CS99MNVQ?tag=drknoxbargains-20#customerReviews\" target=\"_blank\" rel=\"noopener noreferrer\"><img decoding=\"async\" class=\"aligncenter\" style=\"max-width: 70%; height: 70px; margin-bottom: 10px;\" src=\"https:\/\/mattress.paynereleaf.com\/wp-content\/uploads\/2025\/03\/check-amazon-reviews.png\" alt=\"Check Reviews on Amazon\" width=\"241\" \/><\/a><\/p>\n<ul class=\"a-unordered-list a-vertical a-spacing-mini\">\n<li class=\"a-spacing-mini\"><span class=\"a-list-item\">BETTER SUPPORT, SWEET SLEEP: The KOANTTI 12 inch full size mattress has a built-in independent pocketed spring, which works perfectly with the comfortable memory foam to ensure that your weight is evenly distributed on the full mattress from head to toe. You can eliminate fatigue and pain, fully relax your muscles and enjoy a good sleep experience.<\/span><\/li>\n<li class=\"a-spacing-mini\"><span class=\"a-list-item\">INDEPENDENT MOVEMENT: Our full size mattress in a box are equipped with hundreds of independent pocketed springs and rebound foam, which not only provide strong support, but also effectively absorb the noise and vibration generated by turning over in your sleep, blocking the impact of your partner&#8217;s movement, ensuring the quality of your sleep, and allowing you to sleep peacefully all night long.<\/span><\/li>\n<li class=\"a-spacing-mini\"><span class=\"a-list-item\">QUALITY &amp; HEALTHY MATERIALS: The memory foam mattress is made of high-density first-class material, which is not only very comfortable and breathable, but also drains out the steam and sweat from the contact surface between you and the mattress, so that you can sleep comfortably and healthily. Multiple layers of high quality foam are designed to keep you away from back pain and ensure that you look refreshed the next day.<\/span><\/li>\n<li class=\"a-spacing-mini\"><span class=\"a-list-item\">CERTIPUR US CERTIFIED: Our full size bed are CertiPUR USA certified and tested to be free of harmful substances, making them safe and durable, and friendly to anyone, especially pregnant women and children. You can sleep on our box spring full size bed with confidence.<\/span><\/li>\n<li class=\"a-spacing-mini\"><span class=\"a-list-item\">PURCHASE WITHOUT WORRY: Our full size memory foam mattress are packaged in a compressed box. After opening your mattress, please allow 24-72 hours for it to return to its original state.Koantti mattresses come with 10 years of support. If you have any questions or concerns, our customer support team is ready to help.<\/span><\/li>\n<\/ul>\n<p><a href=\"https:\/\/www.amazon.com\/KOANTTI-Mattresses-Mattress-Provide-Pressure\/dp\/B0CS99MNVQ?tag=drknoxbargains-20#customerReviews\" target=\"_blank\" rel=\"noopener noreferrer\"><img decoding=\"async\" class=\"aligncenter\" style=\"max-width: 70%; height: 70px; margin-bottom: 10px;\" src=\"https:\/\/mattress.paynereleaf.com\/wp-content\/uploads\/2025\/03\/check-amazon-reviews.png\" alt=\"Check Reviews on Amazon\" width=\"241\" \/><\/a><\/p>","protected":false},"excerpt":{"rendered":"<p><strong>Dr. Knox Recommends This Mattress.<\/strong><br \/>\nA USA Board Certified Travel Chiropractor Servicing Bahamas, Jamaica, Dominican Republic, Guyana, Anguilla, St. Kitts &amp; Nevis.<br \/>\n[hurrytimer id=\"224\"]<\/p>\n<p><a href=\"https:\/\/www.amazon.com\/KOANTTI-Mattresses-Mattress-Provide-Pressure\/dp\/B0CS99MNVQ?tag=drknoxbargains-20#customerReviews\" target=\"_blank\" rel=\"noopener noreferrer\"><img decoding=\"async\" class=\"\" style=\"max-width: 70%; height: 70px; margin-bottom: 10px;\" src=\"https:\/\/mattress.paynereleaf.com\/wp-content\/uploads\/2025\/03\/check-amazon-reviews.png\" alt=\"Check Reviews on Amazon\" width=\"241\" \/><\/a><a href=\"https:\/\/wa.me\/?text=Yo!%20Check%20out%20this%20deal%20on%20a%20bed-in-a-box%20https%3A%2F%2Fwww.amazon.com%2Fdp%2FB0CS99MNVQ%3Ftag%3Ddrknoxbargains-wa-20%26utm_source%3Dwhatsapp%26utm_medium%3Dsocial%26utm_campaign%3Dmattress_share\" target=\"_blank\" rel=\"nofollow noopener\"><br \/>\n<img decoding=\"async\" style=\"max-width: 70%; height: 50px;\" src=\"https:\/\/mattress.paynereleaf.com\/wp-content\/uploads\/2025\/03\/whatsapp-share-deal-button.png\" alt=\"Share This Deal A.S.A.P\" width=\"242\" \/><br \/>\n<\/a><\/p>\n","protected":false},"featured_media":395,"template":"","meta":{"_eb_attr":""},"product_brand":[51],"product_cat":[15],"product_tag":[55,52,53,54],"class_list":{"0":"post-215","1":"product","2":"type-product","3":"status-publish","4":"has-post-thumbnail","6":"product_brand-koantti","7":"product_cat-mattresses","8":"product_tag-bed-in-a-box","9":"product_tag-koantti","10":"product_tag-koantti-full-hybrid-mattress","11":"product_tag-mattress-in-a-box","13":"first","14":"instock","15":"shipping-taxable","16":"product-type-external"},"yoast_head":"<!-- This site is optimized with the Yoast SEO plugin v27.5 - https:\/\/yoast.com\/product\/yoast-seo-wordpress\/ -->\n<title>Koantti 12&quot; Full Hybrid Mattress \u2013 Cooling, Pressure Relief - Affordable Mattresses in a Box for Back Pain Relief<\/title>\n<meta name=\"description\" content=\"Sleep better on the Koantti 12&quot; Full Hybrid Mattress. Gel memory foam and springs deliver cool, balanced comfort with motion isolation.\" \/>\n<meta name=\"robots\" content=\"index, follow, max-snippet:-1, max-image-preview:large, max-video-preview:-1\" \/>\n<link rel=\"canonical\" href=\"https:\/\/mattress.paynereleaf.com\/es\/product\/koantti-full-hybrid-mattress\/\" \/>\n<meta property=\"og:locale\" content=\"es_ES\" \/>\n<meta property=\"og:type\" content=\"article\" \/>\n<meta property=\"og:title\" content=\"Koantti 12&quot; Full Hybrid Mattress \u2013 Cooling, Pressure Relief - Affordable Mattresses in a Box for Back Pain Relief\" \/>\n<meta property=\"og:description\" content=\"Sleep better on the Koantti 12&quot; Full Hybrid Mattress. Gel memory foam and springs deliver cool, balanced comfort with motion isolation.\" \/>\n<meta property=\"og:url\" content=\"https:\/\/mattress.paynereleaf.com\/es\/product\/koantti-full-hybrid-mattress\/\" \/>\n<meta property=\"og:site_name\" content=\"Affordable Mattresses in a Box for Back Pain Relief\" \/>\n<meta property=\"article:modified_time\" content=\"2025-04-06T19:16:43+00:00\" \/>\n<meta property=\"og:image\" content=\"https:\/\/mattress.paynereleaf.com\/wp-content\/uploads\/2025\/03\/koantti-full-hybrid-mattress.png\" \/>\n\t<meta property=\"og:image:width\" content=\"1364\" \/>\n\t<meta property=\"og:image:height\" content=\"1364\" \/>\n\t<meta property=\"og:image:type\" content=\"image\/png\" \/>\n<meta name=\"twitter:card\" content=\"summary_large_image\" \/>\n<meta name=\"twitter:label1\" content=\"Est. reading time\" \/>\n\t<meta name=\"twitter:data1\" content=\"2 minutos\" \/>\n<script type=\"application\/ld+json\" class=\"yoast-schema-graph\">{\"@context\":\"https:\\\/\\\/schema.org\",\"@graph\":[{\"@type\":\"WebPage\",\"@id\":\"https:\\\/\\\/mattress.paynereleaf.com\\\/product\\\/koantti-full-hybrid-mattress\\\/\",\"url\":\"https:\\\/\\\/mattress.paynereleaf.com\\\/product\\\/koantti-full-hybrid-mattress\\\/\",\"name\":\"Koantti 12\\\" Full Hybrid Mattress \u2013 Cooling, Pressure Relief - Affordable Mattresses in a Box for Back Pain Relief\",\"isPartOf\":{\"@id\":\"https:\\\/\\\/mattress.paynereleaf.com\\\/#website\"},\"primaryImageOfPage\":{\"@id\":\"https:\\\/\\\/mattress.paynereleaf.com\\\/product\\\/koantti-full-hybrid-mattress\\\/#primaryimage\"},\"image\":{\"@id\":\"https:\\\/\\\/mattress.paynereleaf.com\\\/product\\\/koantti-full-hybrid-mattress\\\/#primaryimage\"},\"thumbnailUrl\":\"https:\\\/\\\/mattress.paynereleaf.com\\\/wp-content\\\/uploads\\\/2025\\\/03\\\/koantti-full-hybrid-mattress.png\",\"datePublished\":\"2025-03-03T23:36:25+00:00\",\"dateModified\":\"2025-04-06T19:16:43+00:00\",\"description\":\"Sleep better on the Koantti 12\\\" Full Hybrid Mattress. Gel memory foam and springs deliver cool, balanced comfort with motion isolation.\",\"breadcrumb\":{\"@id\":\"https:\\\/\\\/mattress.paynereleaf.com\\\/product\\\/koantti-full-hybrid-mattress\\\/#breadcrumb\"},\"inLanguage\":\"es-DO\",\"potentialAction\":[{\"@type\":\"ReadAction\",\"target\":[\"https:\\\/\\\/mattress.paynereleaf.com\\\/product\\\/koantti-full-hybrid-mattress\\\/\"]}]},{\"@type\":\"ImageObject\",\"inLanguage\":\"es-DO\",\"@id\":\"https:\\\/\\\/mattress.paynereleaf.com\\\/product\\\/koantti-full-hybrid-mattress\\\/#primaryimage\",\"url\":\"https:\\\/\\\/mattress.paynereleaf.com\\\/wp-content\\\/uploads\\\/2025\\\/03\\\/koantti-full-hybrid-mattress.png\",\"contentUrl\":\"https:\\\/\\\/mattress.paynereleaf.com\\\/wp-content\\\/uploads\\\/2025\\\/03\\\/koantti-full-hybrid-mattress.png\",\"width\":1364,\"height\":1364,\"caption\":\"koantti-full-hybrid-mattress\"},{\"@type\":\"BreadcrumbList\",\"@id\":\"https:\\\/\\\/mattress.paynereleaf.com\\\/product\\\/koantti-full-hybrid-mattress\\\/#breadcrumb\",\"itemListElement\":[{\"@type\":\"ListItem\",\"position\":1,\"name\":\"Home\",\"item\":\"https:\\\/\\\/mattress.paynereleaf.com\\\/\"},{\"@type\":\"ListItem\",\"position\":2,\"name\":\"Shop\",\"item\":\"https:\\\/\\\/mattress.paynereleaf.com\\\/\"},{\"@type\":\"ListItem\",\"position\":3,\"name\":\"Koantti 12&#8243; Full Hybrid Mattress \u2013 Cooling, Pressure Relief\"}]},{\"@type\":\"WebSite\",\"@id\":\"https:\\\/\\\/mattress.paynereleaf.com\\\/#website\",\"url\":\"https:\\\/\\\/mattress.paynereleaf.com\\\/\",\"name\":\"Affordable Mattresses in a Box\",\"description\":\"\",\"publisher\":{\"@id\":\"https:\\\/\\\/mattress.paynereleaf.com\\\/#organization\"},\"potentialAction\":[{\"@type\":\"SearchAction\",\"target\":{\"@type\":\"EntryPoint\",\"urlTemplate\":\"https:\\\/\\\/mattress.paynereleaf.com\\\/?s={search_term_string}\"},\"query-input\":{\"@type\":\"PropertyValueSpecification\",\"valueRequired\":true,\"valueName\":\"search_term_string\"}}],\"inLanguage\":\"es-DO\"},{\"@type\":\"Organization\",\"@id\":\"https:\\\/\\\/mattress.paynereleaf.com\\\/#organization\",\"name\":\"Mattresses & Bedding for Back Pain Relief\",\"url\":\"https:\\\/\\\/mattress.paynereleaf.com\\\/\",\"logo\":{\"@type\":\"ImageObject\",\"inLanguage\":\"es-DO\",\"@id\":\"https:\\\/\\\/mattress.paynereleaf.com\\\/#\\\/schema\\\/logo\\\/image\\\/\",\"url\":\"https:\\\/\\\/mattress.paynereleaf.com\\\/wp-content\\\/uploads\\\/2025\\\/03\\\/bed-in-a-box-store-logo-1.png\",\"contentUrl\":\"https:\\\/\\\/mattress.paynereleaf.com\\\/wp-content\\\/uploads\\\/2025\\\/03\\\/bed-in-a-box-store-logo-1.png\",\"width\":1428,\"height\":860,\"caption\":\"Mattresses & Bedding for Back Pain Relief\"},\"image\":{\"@id\":\"https:\\\/\\\/mattress.paynereleaf.com\\\/#\\\/schema\\\/logo\\\/image\\\/\"}}]}<\/script>\n<!-- \/ Yoast SEO plugin. -->","yoast_head_json":{"title":"Koantti 12\" Full Hybrid Mattress \u2013 Cooling, Pressure Relief - Affordable Mattresses in a Box for Back Pain Relief","description":"Sleep better on the Koantti 12\" Full Hybrid Mattress. Gel memory foam and springs deliver cool, balanced comfort with motion isolation.","robots":{"index":"index","follow":"follow","max-snippet":"max-snippet:-1","max-image-preview":"max-image-preview:large","max-video-preview":"max-video-preview:-1"},"canonical":"https:\/\/mattress.paynereleaf.com\/es\/product\/koantti-full-hybrid-mattress\/","og_locale":"es_ES","og_type":"article","og_title":"Koantti 12\" Full Hybrid Mattress \u2013 Cooling, Pressure Relief - Affordable Mattresses in a Box for Back Pain Relief","og_description":"Sleep better on the Koantti 12\" Full Hybrid Mattress. Gel memory foam and springs deliver cool, balanced comfort with motion isolation.","og_url":"https:\/\/mattress.paynereleaf.com\/es\/product\/koantti-full-hybrid-mattress\/","og_site_name":"Affordable Mattresses in a Box for Back Pain Relief","article_modified_time":"2025-04-06T19:16:43+00:00","og_image":[{"width":1364,"height":1364,"url":"https:\/\/mattress.paynereleaf.com\/wp-content\/uploads\/2025\/03\/koantti-full-hybrid-mattress.png","type":"image\/png"}],"twitter_card":"summary_large_image","twitter_misc":{"Est. reading time":"2 minutos"},"schema":{"@context":"https:\/\/schema.org","@graph":[{"@type":"WebPage","@id":"https:\/\/mattress.paynereleaf.com\/product\/koantti-full-hybrid-mattress\/","url":"https:\/\/mattress.paynereleaf.com\/product\/koantti-full-hybrid-mattress\/","name":"Koantti 12\" Full Hybrid Mattress \u2013 Cooling, Pressure Relief - Affordable Mattresses in a Box for Back Pain Relief","isPartOf":{"@id":"https:\/\/mattress.paynereleaf.com\/#website"},"primaryImageOfPage":{"@id":"https:\/\/mattress.paynereleaf.com\/product\/koantti-full-hybrid-mattress\/#primaryimage"},"image":{"@id":"https:\/\/mattress.paynereleaf.com\/product\/koantti-full-hybrid-mattress\/#primaryimage"},"thumbnailUrl":"https:\/\/mattress.paynereleaf.com\/wp-content\/uploads\/2025\/03\/koantti-full-hybrid-mattress.png","datePublished":"2025-03-03T23:36:25+00:00","dateModified":"2025-04-06T19:16:43+00:00","description":"Sleep better on the Koantti 12\" Full Hybrid Mattress. Gel memory foam and springs deliver cool, balanced comfort with motion isolation.","breadcrumb":{"@id":"https:\/\/mattress.paynereleaf.com\/product\/koantti-full-hybrid-mattress\/#breadcrumb"},"inLanguage":"es-DO","potentialAction":[{"@type":"ReadAction","target":["https:\/\/mattress.paynereleaf.com\/product\/koantti-full-hybrid-mattress\/"]}]},{"@type":"ImageObject","inLanguage":"es-DO","@id":"https:\/\/mattress.paynereleaf.com\/product\/koantti-full-hybrid-mattress\/#primaryimage","url":"https:\/\/mattress.paynereleaf.com\/wp-content\/uploads\/2025\/03\/koantti-full-hybrid-mattress.png","contentUrl":"https:\/\/mattress.paynereleaf.com\/wp-content\/uploads\/2025\/03\/koantti-full-hybrid-mattress.png","width":1364,"height":1364,"caption":"koantti-full-hybrid-mattress"},{"@type":"BreadcrumbList","@id":"https:\/\/mattress.paynereleaf.com\/product\/koantti-full-hybrid-mattress\/#breadcrumb","itemListElement":[{"@type":"ListItem","position":1,"name":"Home","item":"https:\/\/mattress.paynereleaf.com\/"},{"@type":"ListItem","position":2,"name":"Shop","item":"https:\/\/mattress.paynereleaf.com\/"},{"@type":"ListItem","position":3,"name":"Koantti 12&#8243; Full Hybrid Mattress \u2013 Cooling, Pressure Relief"}]},{"@type":"WebSite","@id":"https:\/\/mattress.paynereleaf.com\/#website","url":"https:\/\/mattress.paynereleaf.com\/","name":"Affordable Mattresses in a Box","description":"","publisher":{"@id":"https:\/\/mattress.paynereleaf.com\/#organization"},"potentialAction":[{"@type":"SearchAction","target":{"@type":"EntryPoint","urlTemplate":"https:\/\/mattress.paynereleaf.com\/?s={search_term_string}"},"query-input":{"@type":"PropertyValueSpecification","valueRequired":true,"valueName":"search_term_string"}}],"inLanguage":"es-DO"},{"@type":"Organization","@id":"https:\/\/mattress.paynereleaf.com\/#organization","name":"Mattresses & Bedding for Back Pain Relief","url":"https:\/\/mattress.paynereleaf.com\/","logo":{"@type":"ImageObject","inLanguage":"es-DO","@id":"https:\/\/mattress.paynereleaf.com\/#\/schema\/logo\/image\/","url":"https:\/\/mattress.paynereleaf.com\/wp-content\/uploads\/2025\/03\/bed-in-a-box-store-logo-1.png","contentUrl":"https:\/\/mattress.paynereleaf.com\/wp-content\/uploads\/2025\/03\/bed-in-a-box-store-logo-1.png","width":1428,"height":860,"caption":"Mattresses & Bedding for Back Pain Relief"},"image":{"@id":"https:\/\/mattress.paynereleaf.com\/#\/schema\/logo\/image\/"}}]}},"_links":{"self":[{"href":"https:\/\/mattress.paynereleaf.com\/es\/wp-json\/wp\/v2\/product\/215","targetHints":{"allow":["GET"]}}],"collection":[{"href":"https:\/\/mattress.paynereleaf.com\/es\/wp-json\/wp\/v2\/product"}],"about":[{"href":"https:\/\/mattress.paynereleaf.com\/es\/wp-json\/wp\/v2\/types\/product"}],"wp:featuredmedia":[{"embeddable":true,"href":"https:\/\/mattress.paynereleaf.com\/es\/wp-json\/wp\/v2\/media\/395"}],"wp:attachment":[{"href":"https:\/\/mattress.paynereleaf.com\/es\/wp-json\/wp\/v2\/media?parent=215"}],"wp:term":[{"taxonomy":"product_brand","embeddable":true,"href":"https:\/\/mattress.paynereleaf.com\/es\/wp-json\/wp\/v2\/product_brand?post=215"},{"taxonomy":"product_cat","embeddable":true,"href":"https:\/\/mattress.paynereleaf.com\/es\/wp-json\/wp\/v2\/product_cat?post=215"},{"taxonomy":"product_tag","embeddable":true,"href":"https:\/\/mattress.paynereleaf.com\/es\/wp-json\/wp\/v2\/product_tag?post=215"}],"curies":[{"name":"wp","href":"https:\/\/api.w.org\/{rel}","templated":true}]}}